{"id":400,"date":"2026-04-28T15:42:50","date_gmt":"2026-04-28T13:42:50","guid":{"rendered":"https:\/\/nas.nauticas.ch\/datenschutzerklaerung\/"},"modified":"2026-05-03T17:12:23","modified_gmt":"2026-05-03T15:12:23","slug":"datenschutzerklaerung","status":"publish","type":"page","link":"https:\/\/nas.nauticas.ch\/de\/datenschutzerklaerung\/","title":{"rendered":"Datenschutzerkl\u00e4rung"},"content":{"rendered":"\t\t<div data-elementor-type=\"wp-page\" data-elementor-id=\"400\" class=\"elementor elementor-400 elementor-3\">\n\t\t\t\t<div class=\"elementor-element elementor-element-d1eeb41 e-flex e-con-boxed e-con e-parent\" data-id=\"d1eeb41\" data-element_type=\"container\" data-e-type=\"container\">\n\t\t\t\t\t<div class=\"e-con-inner\">\n\t\t\t\t<div class=\"elementor-element elementor-element-25f5eee elementor-widget elementor-widget-spacer\" data-id=\"25f5eee\" data-element_type=\"widget\" data-e-type=\"widget\" data-widget_type=\"spacer.default\">\n\t\t\t\t\t\t\t<div class=\"elementor-spacer\">\n\t\t\t<div class=\"elementor-spacer-inner\"><\/div>\n\t\t<\/div>\n\t\t\t\t\t\t<\/div>\n\t\t\t\t<div class=\"elementor-element elementor-element-6121906 elementor-widget elementor-widget-heading\" data-id=\"6121906\" data-element_type=\"widget\" data-e-type=\"widget\" data-widget_type=\"heading.default\">\n\t\t\t\t\t<h3 class=\"elementor-heading-title elementor-size-default\">Datenschutzerkl\u00e4rung<\/h3>\t\t\t\t<\/div>\n\t\t\t\t<div class=\"elementor-element elementor-element-c3db5ae elementor-widget elementor-widget-text-editor\" data-id=\"c3db5ae\" data-element_type=\"widget\" data-e-type=\"widget\" data-widget_type=\"text-editor.default\">\n\t\t\t\t\t\t\t\t\t<p><strong>Zuletzt aktualisiert: 30. April 2026<\/strong><br><strong>Wirksamkeitsdatum: 30. April 2026<\/strong><\/p>\n<p>Diese Datenschutzrichtlinie beschreibt die Richtlinien von <strong>Nautica&#8217;s Services Sagl<\/strong>, CH-6934 Bioggio, Schweiz, E-Mail: nas.wakeandsurf@gmail.com, Telefon: +41 76 445 50 56, bez\u00fcglich der Erhebung, Nutzung und Offenlegung Ihrer Daten, die wir bei Nutzung unserer Website (<strong>https:\/\/nas.nauticas.ch<\/strong>) (der &#8222;Service&#8220;) sammeln. Durch den Zugriff auf oder die Nutzung des Dienstes stimmen Sie der Sammlung, Nutzung und Offenlegung Ihrer Informationen gem\u00e4\u00df dieser Datenschutzrichtlinie zu. Wenn Sie dem nicht zustimmen, greifen Sie bitte nicht auf den Dienst zu und nutzen sie ihn nicht.  <\/p>\n<p>Wir k\u00f6nnen diese Datenschutzrichtlinie jederzeit ohne Vorank\u00fcndigung \u00e4ndern und werden die aktualisierte Richtlinie auf der Website ver\u00f6ffentlichen. Die \u00fcberarbeitete Richtlinie tritt 180 Tage nach der Ver\u00f6ffentlichung in Kraft, und Ihre fortgesetzte Nutzung des Dienstes stellt Ihre Zustimmung zu den \u00c4nderungen dar. Es ist daher ratsam, diese Seite regelm\u00e4\u00dfig zu konsultieren.  <\/p>\n<h5>Gesammelte Informationen:<\/h5>\n<p>Wir erheben und verarbeiten folgende pers\u00f6nliche Informationen:<\/p>\n<ul>\n<li>Name und Nachname<\/li>\n<li>E-Mail-Adresse<\/li>\n<li>Telefonnummer<\/li>\n<li>Buchungsdaten (Slot, Datum, Anzahl der Teilnehmer)<\/li>\n<li>Zahlungsdaten (verwaltet \u00fcber sichere externe Anbieter)<\/li>\n<\/ul>\n<h5>Wie wir Ihre Informationen verwenden:<\/h5>\n<p>Wir verwenden die von uns gesammelten Informationen f\u00fcr folgende Zwecke:<\/p>\n<ul>\n<li>Verwaltung von Buchungen und Online-Slots<\/li>\n<li>Zahlungsabwicklung<\/li>\n<li>Erstellen und verwalten Sie Kundenkonten (falls zutreffend)<\/li>\n<li>Kundensupport und operative Kommunikation<\/li>\n<li>Versenden von dienstbezogenen Informationen<\/li>\n<li>Marketing und Promotion (mit deinem Einverst\u00e4ndnis)<\/li>\n<li>Standortanalyse und Verbesserung<\/li>\n<li>Seitenschutz und Betrugspr\u00e4vention<\/li>\n<\/ul>\n<p>Jegliche Nutzung f\u00fcr andere Zwecke erfolgt nur mit Zustimmung des Nutzers, sofern dies nicht gesetzlich vorgeschrieben ist.<\/p>\n<h5>Wie wir Ihre Informationen teilen:<\/h5>\n<p>Wir verkaufen oder vermieten Ihre pers\u00f6nlichen Daten nicht. Wir k\u00f6nnen Daten nur in folgenden F\u00e4llen teilen: <\/p>\n<ul>\n<li>Zahlungsanbieter (zur Verwaltung sicherer Transaktionen)<\/li>\n<li>Analysedienste (z. B. Standortnutzungsstatistiken)<\/li>\n<li>Technische Dienstleistungen, die f\u00fcr den Betrieb des Gel\u00e4ndes notwendig sind<\/li>\n<\/ul>\n<p>Diese Dritten sind berechtigt, die Daten nur f\u00fcr die vorgesehenen Zwecke und in \u00dcbereinstimmung mit den geltenden Gesetzen zu verwenden.<\/p>\n<p>Wir d\u00fcrfen auch Daten offenlegen, wenn dies gesetzlich erforderlich ist oder um unsere Rechte zu sch\u00fctzen.<\/p>\n<h5>Aufbewahrung von Informationen:<\/h5>\n<p>Personenbezogene Daten werden f\u00fcr die Zeit gespeichert, die zur Verwaltung des Dienstes, der Steuern und rechtlichen Verpflichtungen erforderlich ist, in der Regel von 90 Tagen bis zu 2 Jahren oder l\u00e4nger, sofern gesetzlich vorgeschrieben. Anonymisierte Daten k\u00f6nnen l\u00e4nger gespeichert werden. <\/p>\n<h5>Ihre Rechte:<\/h5>\n<p>Vorbehaltlich des geltenden Rechts haben Sie das Recht:<\/p>\n<ul>\n<li>Zugriff auf deine Daten<\/li>\n<li>Antrag auf \u00c4nderung oder Stornierung<\/li>\n<li>Einschr\u00e4nkung oder Einspruch gegen Verarbeitung<\/li>\n<li>Daten\u00fcbertragung anfordern<\/li>\n<li>Einwilligung zur\u00fcckziehen<\/li>\n<\/ul>\n<p>Um Ihre Rechte auszu\u00fcben, k\u00f6nnen Sie uns unter folgender <strong>nas.wakeandsurf@gmail.com<\/strong> kontaktieren<\/p>\n<p>Sie k\u00f6nnen auch jederzeit gegen Marketingkommunikation Einspruch erheben.<\/p>\n<h5>Kekse:<\/h5>\n<p>F\u00fcr Informationen zur Verwendung von Cookies lesen Sie bitte unsere <span style=\"text-decoration: underline;\"><a href=\"https:\/\/nas.nauticas.ch\/cookie-richtlinie\/?lang=de\">Cookie-Richtlinie<\/a><\/span>.<\/p>\n<h5>Sicherheit:<\/h5>\n<p>Wir ergreifen geeignete technische und organisatorische Ma\u00dfnahmen, um Ihre pers\u00f6nlichen Daten zu sch\u00fctzen. Allerdings ist kein System vollst\u00e4ndig sicher und wir k\u00f6nnen die absolute Sicherheit der \u00fcbertragenen Daten nicht garantieren. <\/p>\n<h5>Kontakte und Beschwerden:<\/h5>\n<p>Wenn Sie Fragen oder Anliegen zu dieser Richtlinie oder der Datenverarbeitung haben, k\u00f6nnen Sie uns kontaktieren:<\/p>\n<p><strong>Nauticas Dienste Sagl<\/strong><br>CH-6934 Bioggio, Schweiz<br>Telefon: +41 76 445 50 56<br>E-Mail: nas.wakeandsurf@gmail.com<\/p>\t\t\t\t\t\t\t\t<\/div>\n\t\t\t\t<div class=\"elementor-element elementor-element-0fa5399 elementor-widget elementor-widget-spacer\" data-id=\"0fa5399\" data-element_type=\"widget\" data-e-type=\"widget\" data-widget_type=\"spacer.default\">\n\t\t\t\t\t\t\t<div class=\"elementor-spacer\">\n\t\t\t<div class=\"elementor-spacer-inner\"><\/div>\n\t\t<\/div>\n\t\t\t\t\t\t<\/div>\n\t\t\t\t\t<\/div>\n\t\t\t\t<\/div>\n\t\t\t\t<\/div>\n\t\t","protected":false},"excerpt":{"rendered":"<p>Datenschutzerkl\u00e4rung Zuletzt aktualisiert: 30. April 2026Wirksamkeitsdatum: 30. April 2026 Diese Datenschutzrichtlinie beschreibt die Richtlinien von Nautica&#8217;s Services Sagl, CH-6934 Bioggio, Schweiz, E-Mail: nas.wakeandsurf@gmail.com, Telefon: +41 76 445 50 56, bez\u00fcglich der Erhebung, Nutzung und Offenlegung Ihrer Daten, die wir bei Nutzung unserer Website (https:\/\/nas.nauticas.ch) (der &#8222;Service&#8220;) sammeln. Durch den Zugriff auf oder die Nutzung des [&hellip;]<\/p>\n","protected":false},"author":1,"featured_media":0,"parent":0,"menu_order":0,"comment_status":"closed","ping_status":"open","template":"","meta":{"ocean_post_layout":"full-screen","ocean_both_sidebars_style":"","ocean_both_sidebars_content_width":0,"ocean_both_sidebars_sidebars_width":0,"ocean_sidebar":"","ocean_second_sidebar":"","ocean_disable_margins":"enable","ocean_add_body_class":"","ocean_shortcode_before_top_bar":"","ocean_shortcode_after_top_bar":"","ocean_shortcode_before_header":"","ocean_shortcode_after_header":"","ocean_has_shortcode":"","ocean_shortcode_after_title":"","ocean_shortcode_before_footer_widgets":"","ocean_shortcode_after_footer_widgets":"","ocean_shortcode_before_footer_bottom":"","ocean_shortcode_after_footer_bottom":"","ocean_display_top_bar":"off","ocean_display_header":"off","ocean_header_style":"","ocean_center_header_left_menu":"","ocean_custom_header_template":"30","ocean_custom_logo":0,"ocean_custom_retina_logo":0,"ocean_custom_logo_max_width":0,"ocean_custom_logo_tablet_max_width":0,"ocean_custom_logo_mobile_max_width":0,"ocean_custom_logo_max_height":0,"ocean_custom_logo_tablet_max_height":0,"ocean_custom_logo_mobile_max_height":0,"ocean_header_custom_menu":"","ocean_menu_typo_font_family":"","ocean_menu_typo_font_subset":"","ocean_menu_typo_font_size":0,"ocean_menu_typo_font_size_tablet":0,"ocean_menu_typo_font_size_mobile":0,"ocean_menu_typo_font_size_unit":"px","ocean_menu_typo_font_weight":"","ocean_menu_typo_font_weight_tablet":"","ocean_menu_typo_font_weight_mobile":"","ocean_menu_typo_transform":"","ocean_menu_typo_transform_tablet":"","ocean_menu_typo_transform_mobile":"","ocean_menu_typo_line_height":0,"ocean_menu_typo_line_height_tablet":0,"ocean_menu_typo_line_height_mobile":0,"ocean_menu_typo_line_height_unit":"","ocean_menu_typo_spacing":0,"ocean_menu_typo_spacing_tablet":0,"ocean_menu_typo_spacing_mobile":0,"ocean_menu_typo_spacing_unit":"","ocean_menu_link_color":"","ocean_menu_link_color_hover":"","ocean_menu_link_color_active":"","ocean_menu_link_background":"","ocean_menu_link_hover_background":"","ocean_menu_link_active_background":"","ocean_menu_social_links_bg":"","ocean_menu_social_hover_links_bg":"","ocean_menu_social_links_color":"","ocean_menu_social_hover_links_color":"","ocean_disable_title":"on","ocean_disable_heading":"default","ocean_post_title":"","ocean_post_subheading":"","ocean_post_title_style":"","ocean_post_title_background_color":"","ocean_post_title_background":0,"ocean_post_title_bg_image_position":"","ocean_post_title_bg_image_attachment":"","ocean_post_title_bg_image_repeat":"","ocean_post_title_bg_image_size":"","ocean_post_title_height":0,"ocean_post_title_bg_overlay":0.5,"ocean_post_title_bg_overlay_color":"","ocean_disable_breadcrumbs":"default","ocean_breadcrumbs_color":"","ocean_breadcrumbs_separator_color":"","ocean_breadcrumbs_links_color":"","ocean_breadcrumbs_links_hover_color":"","ocean_display_footer_widgets":"off","ocean_display_footer_bottom":"off","ocean_custom_footer_template":"32","footnotes":""},"class_list":["post-400","page","type-page","status-publish","hentry","entry","owp-thumbs-layout-horizontal","owp-btn-normal","owp-tabs-layout-horizontal","has-no-thumbnails","has-product-nav"],"yoast_head":"<!-- This site is optimized with the Yoast SEO plugin v27.6 - https:\/\/yoast.com\/product\/yoast-seo-wordpress\/ -->\n<title>Datenschutzerkl\u00e4rung - Na&#039;s Wake &amp; Surf<\/title>\n<meta name=\"robots\" content=\"index, follow, max-snippet:-1, max-image-preview:large, max-video-preview:-1\" \/>\n<link rel=\"canonical\" href=\"https:\/\/nas.nauticas.ch\/de\/datenschutzerklaerung\/\" \/>\n<meta property=\"og:locale\" content=\"de_DE\" \/>\n<meta property=\"og:type\" content=\"article\" \/>\n<meta property=\"og:title\" content=\"Datenschutzerkl\u00e4rung - Na&#039;s Wake &amp; Surf\" \/>\n<meta property=\"og:description\" content=\"Datenschutzerkl\u00e4rung Zuletzt aktualisiert: 30. April 2026Wirksamkeitsdatum: 30. April 2026 Diese Datenschutzrichtlinie beschreibt die Richtlinien von Nautica&#8217;s Services Sagl, CH-6934 Bioggio, Schweiz, E-Mail: nas.wakeandsurf@gmail.com, Telefon: +41 76 445 50 56, bez\u00fcglich der Erhebung, Nutzung und Offenlegung Ihrer Daten, die wir bei Nutzung unserer Website (https:\/\/nas.nauticas.ch) (der &#8222;Service&#8220;) sammeln. Durch den Zugriff auf oder die Nutzung des [&hellip;]\" \/>\n<meta property=\"og:url\" content=\"https:\/\/nas.nauticas.ch\/de\/datenschutzerklaerung\/\" \/>\n<meta property=\"og:site_name\" content=\"Na&#039;s Wake &amp; Surf\" \/>\n<meta property=\"article:modified_time\" content=\"2026-05-03T15:12:23+00:00\" \/>\n<meta name=\"twitter:card\" content=\"summary_large_image\" \/>\n<meta name=\"twitter:label1\" content=\"Gesch\u00e4tzte Lesezeit\" \/>\n\t<meta name=\"twitter:data1\" content=\"3\u00a0Minuten\" \/>\n<script type=\"application\/ld+json\" class=\"yoast-schema-graph\">{\"@context\":\"https:\\\/\\\/schema.org\",\"@graph\":[{\"@type\":\"WebPage\",\"@id\":\"https:\\\/\\\/nas.nauticas.ch\\\/de\\\/datenschutzerklaerung\\\/\",\"url\":\"https:\\\/\\\/nas.nauticas.ch\\\/de\\\/datenschutzerklaerung\\\/\",\"name\":\"Datenschutzerkl\u00e4rung - Na&#039;s Wake &amp; Surf\",\"isPartOf\":{\"@id\":\"https:\\\/\\\/nas.nauticas.ch\\\/#website\"},\"datePublished\":\"2026-04-28T13:42:50+00:00\",\"dateModified\":\"2026-05-03T15:12:23+00:00\",\"breadcrumb\":{\"@id\":\"https:\\\/\\\/nas.nauticas.ch\\\/de\\\/datenschutzerklaerung\\\/#breadcrumb\"},\"inLanguage\":\"de\",\"potentialAction\":[{\"@type\":\"ReadAction\",\"target\":[\"https:\\\/\\\/nas.nauticas.ch\\\/de\\\/datenschutzerklaerung\\\/\"]}]},{\"@type\":\"BreadcrumbList\",\"@id\":\"https:\\\/\\\/nas.nauticas.ch\\\/de\\\/datenschutzerklaerung\\\/#breadcrumb\",\"itemListElement\":[{\"@type\":\"ListItem\",\"position\":1,\"name\":\"Home\",\"item\":\"https:\\\/\\\/nas.nauticas.ch\\\/de\\\/startseite\\\/\"},{\"@type\":\"ListItem\",\"position\":2,\"name\":\"Datenschutzerkl\u00e4rung\"}]},{\"@type\":\"WebSite\",\"@id\":\"https:\\\/\\\/nas.nauticas.ch\\\/#website\",\"url\":\"https:\\\/\\\/nas.nauticas.ch\\\/\",\"name\":\"Na's Wake & Surf\",\"description\":\"\",\"publisher\":{\"@id\":\"https:\\\/\\\/nas.nauticas.ch\\\/#organization\"},\"potentialAction\":[{\"@type\":\"SearchAction\",\"target\":{\"@type\":\"EntryPoint\",\"urlTemplate\":\"https:\\\/\\\/nas.nauticas.ch\\\/?s={search_term_string}\"},\"query-input\":{\"@type\":\"PropertyValueSpecification\",\"valueRequired\":true,\"valueName\":\"search_term_string\"}}],\"inLanguage\":\"de\"},{\"@type\":\"Organization\",\"@id\":\"https:\\\/\\\/nas.nauticas.ch\\\/#organization\",\"name\":\"Na's Wake & Surf\",\"url\":\"https:\\\/\\\/nas.nauticas.ch\\\/\",\"logo\":{\"@type\":\"ImageObject\",\"inLanguage\":\"de\",\"@id\":\"https:\\\/\\\/nas.nauticas.ch\\\/#\\\/schema\\\/logo\\\/image\\\/\",\"url\":\"https:\\\/\\\/nas.nauticas.ch\\\/wp-content\\\/uploads\\\/2026\\\/04\\\/cropped-untitled-design-2026-04-30t145937839.png\",\"contentUrl\":\"https:\\\/\\\/nas.nauticas.ch\\\/wp-content\\\/uploads\\\/2026\\\/04\\\/cropped-untitled-design-2026-04-30t145937839.png\",\"width\":512,\"height\":512,\"caption\":\"Na's Wake & Surf\"},\"image\":{\"@id\":\"https:\\\/\\\/nas.nauticas.ch\\\/#\\\/schema\\\/logo\\\/image\\\/\"}}]}<\/script>\n<!-- \/ Yoast SEO plugin. -->","yoast_head_json":{"title":"Datenschutzerkl\u00e4rung - Na&#039;s Wake &amp; Surf","robots":{"index":"index","follow":"follow","max-snippet":"max-snippet:-1","max-image-preview":"max-image-preview:large","max-video-preview":"max-video-preview:-1"},"canonical":"https:\/\/nas.nauticas.ch\/de\/datenschutzerklaerung\/","og_locale":"de_DE","og_type":"article","og_title":"Datenschutzerkl\u00e4rung - Na&#039;s Wake &amp; Surf","og_description":"Datenschutzerkl\u00e4rung Zuletzt aktualisiert: 30. April 2026Wirksamkeitsdatum: 30. April 2026 Diese Datenschutzrichtlinie beschreibt die Richtlinien von Nautica&#8217;s Services Sagl, CH-6934 Bioggio, Schweiz, E-Mail: nas.wakeandsurf@gmail.com, Telefon: +41 76 445 50 56, bez\u00fcglich der Erhebung, Nutzung und Offenlegung Ihrer Daten, die wir bei Nutzung unserer Website (https:\/\/nas.nauticas.ch) (der &#8222;Service&#8220;) sammeln. Durch den Zugriff auf oder die Nutzung des [&hellip;]","og_url":"https:\/\/nas.nauticas.ch\/de\/datenschutzerklaerung\/","og_site_name":"Na&#039;s Wake &amp; Surf","article_modified_time":"2026-05-03T15:12:23+00:00","twitter_card":"summary_large_image","twitter_misc":{"Gesch\u00e4tzte Lesezeit":"3\u00a0Minuten"},"schema":{"@context":"https:\/\/schema.org","@graph":[{"@type":"WebPage","@id":"https:\/\/nas.nauticas.ch\/de\/datenschutzerklaerung\/","url":"https:\/\/nas.nauticas.ch\/de\/datenschutzerklaerung\/","name":"Datenschutzerkl\u00e4rung - Na&#039;s Wake &amp; Surf","isPartOf":{"@id":"https:\/\/nas.nauticas.ch\/#website"},"datePublished":"2026-04-28T13:42:50+00:00","dateModified":"2026-05-03T15:12:23+00:00","breadcrumb":{"@id":"https:\/\/nas.nauticas.ch\/de\/datenschutzerklaerung\/#breadcrumb"},"inLanguage":"de","potentialAction":[{"@type":"ReadAction","target":["https:\/\/nas.nauticas.ch\/de\/datenschutzerklaerung\/"]}]},{"@type":"BreadcrumbList","@id":"https:\/\/nas.nauticas.ch\/de\/datenschutzerklaerung\/#breadcrumb","itemListElement":[{"@type":"ListItem","position":1,"name":"Home","item":"https:\/\/nas.nauticas.ch\/de\/startseite\/"},{"@type":"ListItem","position":2,"name":"Datenschutzerkl\u00e4rung"}]},{"@type":"WebSite","@id":"https:\/\/nas.nauticas.ch\/#website","url":"https:\/\/nas.nauticas.ch\/","name":"Na's Wake & Surf","description":"","publisher":{"@id":"https:\/\/nas.nauticas.ch\/#organization"},"potentialAction":[{"@type":"SearchAction","target":{"@type":"EntryPoint","urlTemplate":"https:\/\/nas.nauticas.ch\/?s={search_term_string}"},"query-input":{"@type":"PropertyValueSpecification","valueRequired":true,"valueName":"search_term_string"}}],"inLanguage":"de"},{"@type":"Organization","@id":"https:\/\/nas.nauticas.ch\/#organization","name":"Na's Wake & Surf","url":"https:\/\/nas.nauticas.ch\/","logo":{"@type":"ImageObject","inLanguage":"de","@id":"https:\/\/nas.nauticas.ch\/#\/schema\/logo\/image\/","url":"https:\/\/nas.nauticas.ch\/wp-content\/uploads\/2026\/04\/cropped-untitled-design-2026-04-30t145937839.png","contentUrl":"https:\/\/nas.nauticas.ch\/wp-content\/uploads\/2026\/04\/cropped-untitled-design-2026-04-30t145937839.png","width":512,"height":512,"caption":"Na's Wake & Surf"},"image":{"@id":"https:\/\/nas.nauticas.ch\/#\/schema\/logo\/image\/"}}]}},"_links":{"self":[{"href":"https:\/\/nas.nauticas.ch\/de\/wp-json\/wp\/v2\/pages\/400","targetHints":{"allow":["GET"]}}],"collection":[{"href":"https:\/\/nas.nauticas.ch\/de\/wp-json\/wp\/v2\/pages"}],"about":[{"href":"https:\/\/nas.nauticas.ch\/de\/wp-json\/wp\/v2\/types\/page"}],"author":[{"embeddable":true,"href":"https:\/\/nas.nauticas.ch\/de\/wp-json\/wp\/v2\/users\/1"}],"replies":[{"embeddable":true,"href":"https:\/\/nas.nauticas.ch\/de\/wp-json\/wp\/v2\/comments?post=400"}],"version-history":[{"count":1,"href":"https:\/\/nas.nauticas.ch\/de\/wp-json\/wp\/v2\/pages\/400\/revisions"}],"predecessor-version":[{"id":404,"href":"https:\/\/nas.nauticas.ch\/de\/wp-json\/wp\/v2\/pages\/400\/revisions\/404"}],"wp:attachment":[{"href":"https:\/\/nas.nauticas.ch\/de\/wp-json\/wp\/v2\/media?parent=400"}],"curies":[{"name":"wp","href":"https:\/\/api.w.org\/{rel}","templated":true}]}}