{"id":399,"date":"2026-04-28T15:42:50","date_gmt":"2026-04-28T13:42:50","guid":{"rendered":"https:\/\/nas.nauticas.ch\/cookie-richtlinie\/"},"modified":"2026-05-03T17:12:22","modified_gmt":"2026-05-03T15:12:22","slug":"cookie-richtlinie","status":"publish","type":"page","link":"https:\/\/nas.nauticas.ch\/de\/cookie-richtlinie\/","title":{"rendered":"Cookie-Richtlinie"},"content":{"rendered":"\t\t<div data-elementor-type=\"wp-page\" data-elementor-id=\"399\" class=\"elementor elementor-399 elementor-2\">\n\t\t\t\t<div class=\"elementor-element elementor-element-9d2f92b e-flex e-con-boxed e-con e-parent\" data-id=\"9d2f92b\" data-element_type=\"container\" data-e-type=\"container\">\n\t\t\t\t\t<div class=\"e-con-inner\">\n\t\t\t\t<div class=\"elementor-element elementor-element-a86da1f elementor-widget elementor-widget-spacer\" data-id=\"a86da1f\" data-element_type=\"widget\" data-e-type=\"widget\" data-widget_type=\"spacer.default\">\n\t\t\t\t\t\t\t<div class=\"elementor-spacer\">\n\t\t\t<div class=\"elementor-spacer-inner\"><\/div>\n\t\t<\/div>\n\t\t\t\t\t\t<\/div>\n\t\t\t\t<div class=\"elementor-element elementor-element-3c9395f elementor-widget elementor-widget-heading\" data-id=\"3c9395f\" data-element_type=\"widget\" data-e-type=\"widget\" data-widget_type=\"heading.default\">\n\t\t\t\t\t<h3 class=\"elementor-heading-title elementor-size-default\">Cookie-Richtlinie<\/h3>\t\t\t\t<\/div>\n\t\t\t\t<div class=\"elementor-element elementor-element-75764b4 elementor-widget elementor-widget-text-editor\" data-id=\"75764b4\" data-element_type=\"widget\" data-e-type=\"widget\" data-widget_type=\"text-editor.default\">\n\t\t\t\t\t\t\t\t\t<p><strong>Wirksamkeitsdatum: 30. April 2026<\/strong><br><strong>Zuletzt aktualisiert: 30. April 2026<\/strong><\/p>\n<h5>Was sind Kekse?<\/h5>\n<p>Diese Cookie-Richtlinie beschreibt, was Cookies sind und wie sie auf <strong>der nas.nauticas.ch<\/strong> Seite verwendet werden, welche Arten von Cookies wir verwenden, welche Informationen \u00fcber sie gesammelt werden und wie diese verwaltet werden.<\/p>\n<p>Cookies sind kleine Textdateien, die auf Ihrem Ger\u00e4t gespeichert werden, wenn Sie eine Website besuchen. Diese Cookies erm\u00f6glichen eine ordnungsgem\u00e4\u00dfe Funktionsweise der Seite, verbessern die Sicherheit, bieten ein besseres Surferlebnis und verstehen, wie Nutzer mit der Seite interagieren, um deren Inhalt und Leistung zu optimieren. <\/p>\n<h5>Wie verwenden wir Cookies?<\/h5>\n<p>Wie die meisten Websites verwendet <strong>nas.nauticas.ch<\/strong> auch First-Party- und Drittanbieter-Cookies f\u00fcr unterschiedliche Zwecke.<\/p>\n<p>First-Party-Cookies sind f\u00fcr das ordnungsgem\u00e4\u00dfe Funktionieren der Seite unerl\u00e4sslich und sammeln keine personenbezogenen Daten.<\/p>\n<p>Cookies von Drittanbietern k\u00f6nnen verwendet werden, um den Seitenverkehr und die Nutzung zu analysieren, die angebotenen Dienstleistungen zu verbessern, Sicherheit zu gew\u00e4hrleisten und relevante Inhalte oder Werbung bereitzustellen.<\/p>\n<h5>Arten der verwendeten Cookies<\/h5>\n<div class=\"cky-audit-table-element\"> <\/div>\n<h5>Cookie-Einstellungen verwalten<\/h5>\n<p><span style=\"text-decoration: underline;\"> <a class=\"cky-banner-element\">Cookie-Einstellungen<\/a> <\/span><\/p>\n<p>Sie k\u00f6nnen Ihre Cookie-Pr\u00e4ferenzen jederzeit \u00e4ndern, indem Sie auf den obigen Button klicken. Dadurch k\u00f6nnen Sie das Einwilligungsbanner erneut anzeigen und Ihre Zustimmung \u00e4ndern oder widerrufen. <\/p>\n<p>Dar\u00fcber hinaus bieten Webbrowser Werkzeuge zur Verwaltung, Blockierung oder L\u00f6schung von Cookies an. Nachfolgend finden Sie Links zu den Hauptbrowsern: <\/p>\n<p>Chrome: <span style=\"text-decoration: underline;\"> <a href=\"https:\/\/support.google.com\/accounts\/answer\/32050\" target=\"_blank\" rel=\"noopener\">https:\/\/support.google.com\/accounts\/answer\/32050<\/a> <\/span> <\/p>\n<p>Safari: <span style=\"text-decoration: underline;\"> <a href=\"https:\/\/support.apple.com\/en-in\/guide\/safari\/sfri11471\/mac\" target=\"_blank\" rel=\"noopener\">https:\/\/support.apple.com\/en-in\/guide\/safari\/sfri11471\/mac<\/a> <\/span> <\/p>\n<p>Firefox: <span style=\"text-decoration: underline;\"> <a href=\"https:\/\/support.mozilla.org\/en-US\/kb\/clear-cookies-and-site-data-firefox\" target=\"_blank\" rel=\"noopener\">https:\/\/support.mozilla.org\/en-US\/kb\/clear-cookies-and-site-data-firefox<\/a> <\/span> <\/p>\n<p>Internet Explorer: <span style=\"text-decoration: underline;\"> <a href=\"https:\/\/support.microsoft.com\/en-us\/topic\/how-to-delete-cookie-files-in-internet-explorer-bca9446f-d873-78de-77ba-d42645fa52fc\" target=\"_blank\" rel=\"noopener\">https:\/\/support.microsoft.com\/en-us\/topic\/how-to-delete-cookie-files-in-internet-explorer-bca9446f-d873-78de-77ba-d42645fa52fc<\/a> <\/span> <\/p>\n<p>Wenn Sie einen anderen Browser verwenden, empfehlen wir, die offizielle Dokumentation des jeweiligen Herstellers zu konsultieren.<\/p>\t\t\t\t\t\t\t\t<\/div>\n\t\t\t\t<div class=\"elementor-element elementor-element-082ec05 elementor-widget elementor-widget-spacer\" data-id=\"082ec05\" data-element_type=\"widget\" data-e-type=\"widget\" data-widget_type=\"spacer.default\">\n\t\t\t\t\t\t\t<div class=\"elementor-spacer\">\n\t\t\t<div class=\"elementor-spacer-inner\"><\/div>\n\t\t<\/div>\n\t\t\t\t\t\t<\/div>\n\t\t\t\t\t<\/div>\n\t\t\t\t<\/div>\n\t\t\t\t<\/div>\n\t\t","protected":false},"excerpt":{"rendered":"<p>Cookie-Richtlinie Wirksamkeitsdatum: 30. April 2026Zuletzt aktualisiert: 30. April 2026 Was sind Kekse? Diese Cookie-Richtlinie beschreibt, was Cookies sind und wie sie auf der nas.nauticas.ch Seite verwendet werden, welche Arten von Cookies wir verwenden, welche Informationen \u00fcber sie gesammelt werden und wie diese verwaltet werden. Cookies sind kleine Textdateien, die auf Ihrem Ger\u00e4t gespeichert werden, wenn [&hellip;]<\/p>\n","protected":false},"author":1,"featured_media":0,"parent":0,"menu_order":0,"comment_status":"closed","ping_status":"closed","template":"","meta":{"ocean_post_layout":"full-screen","ocean_both_sidebars_style":"","ocean_both_sidebars_content_width":0,"ocean_both_sidebars_sidebars_width":0,"ocean_sidebar":"","ocean_second_sidebar":"","ocean_disable_margins":"enable","ocean_add_body_class":"","ocean_shortcode_before_top_bar":"","ocean_shortcode_after_top_bar":"","ocean_shortcode_before_header":"","ocean_shortcode_after_header":"","ocean_has_shortcode":"","ocean_shortcode_after_title":"","ocean_shortcode_before_footer_widgets":"","ocean_shortcode_after_footer_widgets":"","ocean_shortcode_before_footer_bottom":"","ocean_shortcode_after_footer_bottom":"","ocean_display_top_bar":"off","ocean_display_header":"off","ocean_header_style":"","ocean_center_header_left_menu":"","ocean_custom_header_template":"30","ocean_custom_logo":0,"ocean_custom_retina_logo":0,"ocean_custom_logo_max_width":0,"ocean_custom_logo_tablet_max_width":0,"ocean_custom_logo_mobile_max_width":0,"ocean_custom_logo_max_height":0,"ocean_custom_logo_tablet_max_height":0,"ocean_custom_logo_mobile_max_height":0,"ocean_header_custom_menu":"","ocean_menu_typo_font_family":"","ocean_menu_typo_font_subset":"","ocean_menu_typo_font_size":0,"ocean_menu_typo_font_size_tablet":0,"ocean_menu_typo_font_size_mobile":0,"ocean_menu_typo_font_size_unit":"px","ocean_menu_typo_font_weight":"","ocean_menu_typo_font_weight_tablet":"","ocean_menu_typo_font_weight_mobile":"","ocean_menu_typo_transform":"","ocean_menu_typo_transform_tablet":"","ocean_menu_typo_transform_mobile":"","ocean_menu_typo_line_height":0,"ocean_menu_typo_line_height_tablet":0,"ocean_menu_typo_line_height_mobile":0,"ocean_menu_typo_line_height_unit":"","ocean_menu_typo_spacing":0,"ocean_menu_typo_spacing_tablet":0,"ocean_menu_typo_spacing_mobile":0,"ocean_menu_typo_spacing_unit":"","ocean_menu_link_color":"","ocean_menu_link_color_hover":"","ocean_menu_link_color_active":"","ocean_menu_link_background":"","ocean_menu_link_hover_background":"","ocean_menu_link_active_background":"","ocean_menu_social_links_bg":"","ocean_menu_social_hover_links_bg":"","ocean_menu_social_links_color":"","ocean_menu_social_hover_links_color":"","ocean_disable_title":"on","ocean_disable_heading":"default","ocean_post_title":"","ocean_post_subheading":"","ocean_post_title_style":"","ocean_post_title_background_color":"","ocean_post_title_background":0,"ocean_post_title_bg_image_position":"","ocean_post_title_bg_image_attachment":"","ocean_post_title_bg_image_repeat":"","ocean_post_title_bg_image_size":"","ocean_post_title_height":0,"ocean_post_title_bg_overlay":0.5,"ocean_post_title_bg_overlay_color":"","ocean_disable_breadcrumbs":"default","ocean_breadcrumbs_color":"","ocean_breadcrumbs_separator_color":"","ocean_breadcrumbs_links_color":"","ocean_breadcrumbs_links_hover_color":"","ocean_display_footer_widgets":"off","ocean_display_footer_bottom":"off","ocean_custom_footer_template":"32","footnotes":""},"class_list":["post-399","page","type-page","status-publish","hentry","entry","owp-thumbs-layout-horizontal","owp-btn-normal","owp-tabs-layout-horizontal","has-no-thumbnails","has-product-nav"],"yoast_head":"<!-- This site is optimized with the Yoast SEO plugin v27.6 - https:\/\/yoast.com\/product\/yoast-seo-wordpress\/ -->\n<title>Cookie-Richtlinie - Na&#039;s Wake &amp; Surf<\/title>\n<meta name=\"robots\" content=\"index, follow, max-snippet:-1, max-image-preview:large, max-video-preview:-1\" \/>\n<link rel=\"canonical\" href=\"https:\/\/nas.nauticas.ch\/de\/cookie-richtlinie\/\" \/>\n<meta property=\"og:locale\" content=\"de_DE\" \/>\n<meta property=\"og:type\" content=\"article\" \/>\n<meta property=\"og:title\" content=\"Cookie-Richtlinie - Na&#039;s Wake &amp; Surf\" \/>\n<meta property=\"og:description\" content=\"Cookie-Richtlinie Wirksamkeitsdatum: 30. April 2026Zuletzt aktualisiert: 30. April 2026 Was sind Kekse? Diese Cookie-Richtlinie beschreibt, was Cookies sind und wie sie auf der nas.nauticas.ch Seite verwendet werden, welche Arten von Cookies wir verwenden, welche Informationen \u00fcber sie gesammelt werden und wie diese verwaltet werden. Cookies sind kleine Textdateien, die auf Ihrem Ger\u00e4t gespeichert werden, wenn [&hellip;]\" \/>\n<meta property=\"og:url\" content=\"https:\/\/nas.nauticas.ch\/de\/cookie-richtlinie\/\" \/>\n<meta property=\"og:site_name\" content=\"Na&#039;s Wake &amp; Surf\" \/>\n<meta property=\"article:modified_time\" content=\"2026-05-03T15:12:22+00:00\" \/>\n<meta name=\"twitter:card\" content=\"summary_large_image\" \/>\n<meta name=\"twitter:label1\" content=\"Gesch\u00e4tzte Lesezeit\" \/>\n\t<meta name=\"twitter:data1\" content=\"1\u00a0Minute\" \/>\n<script type=\"application\/ld+json\" class=\"yoast-schema-graph\">{\"@context\":\"https:\\\/\\\/schema.org\",\"@graph\":[{\"@type\":\"WebPage\",\"@id\":\"https:\\\/\\\/nas.nauticas.ch\\\/de\\\/cookie-richtlinie\\\/\",\"url\":\"https:\\\/\\\/nas.nauticas.ch\\\/de\\\/cookie-richtlinie\\\/\",\"name\":\"Cookie-Richtlinie - Na&#039;s Wake &amp; Surf\",\"isPartOf\":{\"@id\":\"https:\\\/\\\/nas.nauticas.ch\\\/#website\"},\"datePublished\":\"2026-04-28T13:42:50+00:00\",\"dateModified\":\"2026-05-03T15:12:22+00:00\",\"breadcrumb\":{\"@id\":\"https:\\\/\\\/nas.nauticas.ch\\\/de\\\/cookie-richtlinie\\\/#breadcrumb\"},\"inLanguage\":\"de\",\"potentialAction\":[{\"@type\":\"ReadAction\",\"target\":[\"https:\\\/\\\/nas.nauticas.ch\\\/de\\\/cookie-richtlinie\\\/\"]}]},{\"@type\":\"BreadcrumbList\",\"@id\":\"https:\\\/\\\/nas.nauticas.ch\\\/de\\\/cookie-richtlinie\\\/#breadcrumb\",\"itemListElement\":[{\"@type\":\"ListItem\",\"position\":1,\"name\":\"Home\",\"item\":\"https:\\\/\\\/nas.nauticas.ch\\\/de\\\/startseite\\\/\"},{\"@type\":\"ListItem\",\"position\":2,\"name\":\"Cookie-Richtlinie\"}]},{\"@type\":\"WebSite\",\"@id\":\"https:\\\/\\\/nas.nauticas.ch\\\/#website\",\"url\":\"https:\\\/\\\/nas.nauticas.ch\\\/\",\"name\":\"Na's Wake & Surf\",\"description\":\"\",\"publisher\":{\"@id\":\"https:\\\/\\\/nas.nauticas.ch\\\/#organization\"},\"potentialAction\":[{\"@type\":\"SearchAction\",\"target\":{\"@type\":\"EntryPoint\",\"urlTemplate\":\"https:\\\/\\\/nas.nauticas.ch\\\/?s={search_term_string}\"},\"query-input\":{\"@type\":\"PropertyValueSpecification\",\"valueRequired\":true,\"valueName\":\"search_term_string\"}}],\"inLanguage\":\"de\"},{\"@type\":\"Organization\",\"@id\":\"https:\\\/\\\/nas.nauticas.ch\\\/#organization\",\"name\":\"Na's Wake & Surf\",\"url\":\"https:\\\/\\\/nas.nauticas.ch\\\/\",\"logo\":{\"@type\":\"ImageObject\",\"inLanguage\":\"de\",\"@id\":\"https:\\\/\\\/nas.nauticas.ch\\\/#\\\/schema\\\/logo\\\/image\\\/\",\"url\":\"https:\\\/\\\/nas.nauticas.ch\\\/wp-content\\\/uploads\\\/2026\\\/04\\\/cropped-untitled-design-2026-04-30t145937839.png\",\"contentUrl\":\"https:\\\/\\\/nas.nauticas.ch\\\/wp-content\\\/uploads\\\/2026\\\/04\\\/cropped-untitled-design-2026-04-30t145937839.png\",\"width\":512,\"height\":512,\"caption\":\"Na's Wake & Surf\"},\"image\":{\"@id\":\"https:\\\/\\\/nas.nauticas.ch\\\/#\\\/schema\\\/logo\\\/image\\\/\"}}]}<\/script>\n<!-- \/ Yoast SEO plugin. -->","yoast_head_json":{"title":"Cookie-Richtlinie - Na&#039;s Wake &amp; Surf","robots":{"index":"index","follow":"follow","max-snippet":"max-snippet:-1","max-image-preview":"max-image-preview:large","max-video-preview":"max-video-preview:-1"},"canonical":"https:\/\/nas.nauticas.ch\/de\/cookie-richtlinie\/","og_locale":"de_DE","og_type":"article","og_title":"Cookie-Richtlinie - Na&#039;s Wake &amp; Surf","og_description":"Cookie-Richtlinie Wirksamkeitsdatum: 30. April 2026Zuletzt aktualisiert: 30. April 2026 Was sind Kekse? Diese Cookie-Richtlinie beschreibt, was Cookies sind und wie sie auf der nas.nauticas.ch Seite verwendet werden, welche Arten von Cookies wir verwenden, welche Informationen \u00fcber sie gesammelt werden und wie diese verwaltet werden. Cookies sind kleine Textdateien, die auf Ihrem Ger\u00e4t gespeichert werden, wenn [&hellip;]","og_url":"https:\/\/nas.nauticas.ch\/de\/cookie-richtlinie\/","og_site_name":"Na&#039;s Wake &amp; Surf","article_modified_time":"2026-05-03T15:12:22+00:00","twitter_card":"summary_large_image","twitter_misc":{"Gesch\u00e4tzte Lesezeit":"1\u00a0Minute"},"schema":{"@context":"https:\/\/schema.org","@graph":[{"@type":"WebPage","@id":"https:\/\/nas.nauticas.ch\/de\/cookie-richtlinie\/","url":"https:\/\/nas.nauticas.ch\/de\/cookie-richtlinie\/","name":"Cookie-Richtlinie - Na&#039;s Wake &amp; Surf","isPartOf":{"@id":"https:\/\/nas.nauticas.ch\/#website"},"datePublished":"2026-04-28T13:42:50+00:00","dateModified":"2026-05-03T15:12:22+00:00","breadcrumb":{"@id":"https:\/\/nas.nauticas.ch\/de\/cookie-richtlinie\/#breadcrumb"},"inLanguage":"de","potentialAction":[{"@type":"ReadAction","target":["https:\/\/nas.nauticas.ch\/de\/cookie-richtlinie\/"]}]},{"@type":"BreadcrumbList","@id":"https:\/\/nas.nauticas.ch\/de\/cookie-richtlinie\/#breadcrumb","itemListElement":[{"@type":"ListItem","position":1,"name":"Home","item":"https:\/\/nas.nauticas.ch\/de\/startseite\/"},{"@type":"ListItem","position":2,"name":"Cookie-Richtlinie"}]},{"@type":"WebSite","@id":"https:\/\/nas.nauticas.ch\/#website","url":"https:\/\/nas.nauticas.ch\/","name":"Na's Wake & Surf","description":"","publisher":{"@id":"https:\/\/nas.nauticas.ch\/#organization"},"potentialAction":[{"@type":"SearchAction","target":{"@type":"EntryPoint","urlTemplate":"https:\/\/nas.nauticas.ch\/?s={search_term_string}"},"query-input":{"@type":"PropertyValueSpecification","valueRequired":true,"valueName":"search_term_string"}}],"inLanguage":"de"},{"@type":"Organization","@id":"https:\/\/nas.nauticas.ch\/#organization","name":"Na's Wake & Surf","url":"https:\/\/nas.nauticas.ch\/","logo":{"@type":"ImageObject","inLanguage":"de","@id":"https:\/\/nas.nauticas.ch\/#\/schema\/logo\/image\/","url":"https:\/\/nas.nauticas.ch\/wp-content\/uploads\/2026\/04\/cropped-untitled-design-2026-04-30t145937839.png","contentUrl":"https:\/\/nas.nauticas.ch\/wp-content\/uploads\/2026\/04\/cropped-untitled-design-2026-04-30t145937839.png","width":512,"height":512,"caption":"Na's Wake & Surf"},"image":{"@id":"https:\/\/nas.nauticas.ch\/#\/schema\/logo\/image\/"}}]}},"_links":{"self":[{"href":"https:\/\/nas.nauticas.ch\/de\/wp-json\/wp\/v2\/pages\/399","targetHints":{"allow":["GET"]}}],"collection":[{"href":"https:\/\/nas.nauticas.ch\/de\/wp-json\/wp\/v2\/pages"}],"about":[{"href":"https:\/\/nas.nauticas.ch\/de\/wp-json\/wp\/v2\/types\/page"}],"author":[{"embeddable":true,"href":"https:\/\/nas.nauticas.ch\/de\/wp-json\/wp\/v2\/users\/1"}],"replies":[{"embeddable":true,"href":"https:\/\/nas.nauticas.ch\/de\/wp-json\/wp\/v2\/comments?post=399"}],"version-history":[{"count":1,"href":"https:\/\/nas.nauticas.ch\/de\/wp-json\/wp\/v2\/pages\/399\/revisions"}],"predecessor-version":[{"id":403,"href":"https:\/\/nas.nauticas.ch\/de\/wp-json\/wp\/v2\/pages\/399\/revisions\/403"}],"wp:attachment":[{"href":"https:\/\/nas.nauticas.ch\/de\/wp-json\/wp\/v2\/media?parent=399"}],"curies":[{"name":"wp","href":"https:\/\/api.w.org\/{rel}","templated":true}]}}